{"id":140,"date":"2024-06-22T18:14:04","date_gmt":"2024-06-22T16:14:04","guid":{"rendered":"https:\/\/kasiaokasie.pl\/?page_id=140"},"modified":"2025-02-19T20:02:04","modified_gmt":"2025-02-19T19:02:04","slug":"o-mnie","status":"publish","type":"page","link":"https:\/\/kasiaokasie.pl\/?page_id=140","title":{"rendered":"O mnie"},"content":{"rendered":"\n<p class=\"has-black-color has-text-color has-link-color wp-elements-302711262d8d8c0e5ed13edc6214b844\">Kasia o kasie, czyli kto?<\/p>\n\n\n\n<figure class=\"wp-block-image size-full is-resized is-style-rounded\"><img loading=\"lazy\" decoding=\"async\" width=\"500\" height=\"500\" src=\"https:\/\/kasiaokasie.pl\/wp-content\/uploads\/2024\/06\/Kasia-o-kasie-AI-grafika-.png\" alt=\"\" class=\"wp-image-23\" style=\"width:840px;height:auto\" srcset=\"https:\/\/kasiaokasie.pl\/wp-content\/uploads\/2024\/06\/Kasia-o-kasie-AI-grafika-.png 500w, https:\/\/kasiaokasie.pl\/wp-content\/uploads\/2024\/06\/Kasia-o-kasie-AI-grafika--300x300.png 300w, https:\/\/kasiaokasie.pl\/wp-content\/uploads\/2024\/06\/Kasia-o-kasie-AI-grafika--150x150.png 150w\" sizes=\"auto, (max-width: 500px) 100vw, 500px\" \/><\/figure>\n\n\n\n<p><\/p>\n\n\n\n<p class=\"has-black-color has-blush-light-purple-gradient-background has-text-color has-background has-link-color wp-elements-f36842cf1720be78259eb3bce37aefc5\"><strong>Oto jest Kasia, czyli spowied\u017a d\u0142u\u017cniczki<\/strong><\/p>\n\n\n\n<p class=\"has-black-color has-text-color has-link-color wp-elements-10fa287dd9868595d76f5d0f0ef0bca0\">Na co dzie\u0144 od wielu lat pracuj\u0119 na etacie. Zarabiam ca\u0142kiem dobrze, ale nale\u017c\u0119 do os\u00f3b, kt\u00f3re tylko w biegu czuj\u0105, \u017ce \u017cyj\u0105, lubi\u0105 spontaniczne decyzje, podr\u00f3\u017ce, gad\u017cety, a do niedawna jeszcze nale\u017ca\u0142am do os\u00f3b, kt\u00f3re co maj\u0105 to zaraz strac\u0105.<\/p>\n\n\n\n<p class=\"has-black-color has-text-color has-link-color wp-elements-1b00d55c4b7f53a545b13e5e0acb1cce\">Serio. Wstyd przyzna\u0107, ale tak by\u0142o. Niby nie mia\u0142am ma\u0142o, ale zawsze pojawia\u0142 si\u0119 jaki\u015b wydatek, kt\u00f3ry nie pozwala\u0142 mi wyj\u015b\u0107 na zero. Dodam do tego, \u017ce szybko wyfrun\u0119\u0142am z rodzinnego miasta i zaczyna\u0142am od zera na wynajmowanym pokoju z kole\u017cank\u0105.<\/p>\n\n\n\n<p class=\"has-black-color has-text-color has-link-color wp-elements-0a51d5307cb5194c447f116b73c924e5\">P\u00f3\u017aniej, w moim \u017cyciu wydarzy\u0142 si\u0119 najwi\u0119kszy przewr\u00f3t. Dosy\u0107 szybko zosta\u0142am mam\u0105 (cho\u0107 w sumie mia\u0142am ju\u017c wtedy 22 lata), a z ojcem dziecka nie by\u0142o mi po drodze, wi\u0119c moj\u0105 ukochan\u0105 c\u00f3rk\u0119 praktycznie od pocz\u0105tku wychowuje i utrzymuje sama.<\/p>\n\n\n\n<p class=\"has-black-color has-text-color has-link-color wp-elements-ad9d1711d9d58cb81f1004d7f4607978\">Takie starty nie s\u0105 \u0142atwe. Z ma\u0142ym dzieckiem kobieta nie p\u00f3jdzie sobie od tak na pok\u00f3j. Wynaj\u0119\u0142am mieszkanie, ale w\u0142a\u015bciwie nie mia\u0142am nic, poza umow\u0105 o prac\u0119 na sta\u0142e. To otworzy\u0142o mi drzwi na opcje: Nie masz? Po\u017cycz. I to by\u0142a moja zguba. True.<\/p>\n\n\n\n<hr class=\"wp-block-separator has-alpha-channel-opacity\"\/>\n\n\n\n<p class=\"has-black-color has-very-light-gray-to-cyan-bluish-gray-gradient-background has-text-color has-background has-link-color wp-elements-cb14b9f8f88ce24c4fdcdde1819bbf3f\">&#8222;<em>Po\u017cyczka na meble, na telewizor, na komputer, na zimowe buty, na przedszkole, na pokrycie innych zobowi\u0105za\u0144, na op\u0142aty, na prezent na urodziny kole\u017canek, na wyprawienie urodzin, na wakacje, na \u015bwi\u0119ta, na pierdylion innych sytuacji, kt\u00f3re znika\u0142y na chwil\u0119 wraz ze zdolno\u015bci\u0105 kredytow\u0105, a kt\u00f3re generowa\u0142y d\u0142ugi, powracaj\u0105ce jak bumerang, kt\u00f3re ci\u0105gn\u0105 si\u0119 za mn\u0105 a\u017c do dzi\u015b.<\/em>&#8222;<\/p>\n\n\n\n<p class=\"has-black-color has-text-color has-link-color wp-elements-057806a5bd7f36ef5353df65d5b736a6\">Do czasu na dzi\u015b prze\u017cy\u0142am kilka d\u0142u\u017cszych zwi\u0105zk\u00f3w, nad kt\u00f3rymi nie chcia\u0142abym si\u0119 g\u0142\u0119biej rozwodzi\u0107, ale chcia\u0142abym o nich wspomnie\u0107, bo wtedy wcale nie by\u0142o mi \u0142atwiej. Niby partnerzy si\u0119 dok\u0142adali, ale przecie\u017c ja ci\u0105gle mia\u0142am te swoje wstydliwe cholerne d\u0142ugi, by\u0142am odpowiedzialna za zakupy do domu, wi\u0119c co\u015b w lod\u00f3wce zawsze musia\u0142o by\u0107. Nie chc\u0119 liczy\u0107 nawet ile nowych zobowi\u0105za\u0144 zaci\u0105gn\u0119\u0142am, \u017ceby tylko nie przyzna\u0107 si\u0119, \u017ce nie mam pieni\u0119dzy. A co by\u0142o najgorsze? Kiedy mia\u0142am przyp\u0142yw got\u00f3wki, to nagle by\u0142am jak kr\u00f3l cygan\u00f3w. Postaw si\u0119 a zastaw si\u0119. To wtedy namawia\u0142am partnera, aby wybiera\u0107 si\u0119 na zagraniczne podr\u00f3\u017ce. D\u0142uga i skomplikowana historia. Po kilku zwi\u0105zkach, kt\u00f3re przytrzymywa\u0142y mi skrzyd\u0142a i skuba\u0142y pi\u00f3ra, staj\u0119 na nogi. Dojrza\u0142am do tego, \u017ce nie potrzebuj\u0119 zb\u0119dnego ramienia, skoro i tak z wi\u0119kszo\u015bci\u0105 trudno\u015bci mierz\u0119 si\u0119 sama. A dodatkowo \u2013 musz\u0119 i chc\u0119 dysponowa\u0107 tym co mam, bez nowych d\u0142ug\u00f3w.<\/p>\n\n\n\n<hr class=\"wp-block-separator has-alpha-channel-opacity\"\/>\n\n\n\n<p class=\"has-black-color has-text-color has-link-color wp-elements-1566e12618f2bfbfeda1a993590ccc0d\">Ale wracaj\u0105c do pracy, zarobk\u00f3w i mojego ADHD (autodiagnoza), kt\u00f3re sprawia, \u017ce nie usiedz\u0119 w miejscu. Mniej wi\u0119cej od 2020 roku mam dodatkow\u0105 prac\u0119 na zlecenie. Od tego roku, s\u0105 to 2 dni w tygodniu po 4 godziny plus jakie\u015b dodatkowe prace. I to zacz\u0119\u0142o ratowa\u0107 moje finanse.<\/p>\n\n\n\n<p class=\"has-black-color has-text-color has-link-color wp-elements-fdf5c33cfad3b2b979fe5e9b29529666\"><em>Jestem ciekawa, czy kto\u015b wytrwa\u0142 do fina\u0142u tej opowie\u015bci?<\/em><\/p>\n\n\n\n<p class=\"has-black-color has-text-color has-link-color wp-elements-daf55e00d8394292cddd7b5743e4aecc\">Tak wi\u0119c kochana, kochany, rozgo\u015b\u0107 si\u0119 na moim profilu je\u015bli potrzebujesz przyk\u0142ad\u00f3w na to, \u017ce si\u0119 da.<\/p>\n\n\n\n<p class=\"has-black-color has-text-color has-link-color wp-elements-73722a5bb9ccdd43c0ebd73a5e2f8083\"><strong>Poka\u017c\u0119 Ci moje finanse. Moje sukcesy i pora\u017cki<\/strong><\/p>\n\n\n\n<p class=\"has-black-color has-text-color has-link-color wp-elements-2195c636b376e082489010982f14ff2e\">Wraz z ko\u0144cem 2023 roku zacz\u0119\u0142am prowadzi\u0107 profil na Instagramie. Jest mi\u0119dzy innymi o tym, na co wydaj\u0119 pieni\u0105dze, na czym oszcz\u0119dzam, gdzie znajduj\u0119 dodatkowe zarobki, jak mi idzie ze sp\u0142acaniem d\u0142ug\u00f3w, ile w systemie domowym 1+1 (rodzic+dziecko), ile wyda\u0142am na jedzenie, w kt\u00f3rym momencie przebomblowa\u0142am hajs. Tak! Nadal mi si\u0119 to zdarza, ale jestem tego \u015bwiadoma.<\/p>\n\n\n\n<p class=\"has-black-color has-text-color has-link-color wp-elements-7c10633978f20def3048680475d7c7dd\"><strong>Pogadajmy o pieni\u0105dzach bez wstydu!<\/strong><\/p>\n\n\n\n<p class=\"has-black-color has-text-color has-link-color wp-elements-86244e1a0944af2ac306a76df0332832\">Tak wiem, u wielu pokutuje przekonanie, \u017ce damy o pieni\u0105dzach nie rozmawiaj\u0105. <em>Bullshit!<\/em><\/p>\n\n\n\n<p class=\"has-black-color has-text-color has-link-color wp-elements-3618737c34bfea54d775d30e42f8aa47\">O pieni\u0105dzach trzeba rozmawia\u0107 od dziecka, o oszcz\u0119dzaniu, inwestowaniu, wydawaniu, posiadaniu. To bardzo wa\u017cne.<\/p>\n\n\n\n<p class=\"has-black-color has-text-color has-link-color wp-elements-7a51215f1080f11a5f06d694ea017e6b\">W moim rodzinnym domu to by\u0142 temat tabu, mama najpierw wychowywa\u0142a nasz\u0105 tr\u00f3jk\u0119 i nie pracowa\u0142a, a p\u00f3\u017aniej pracowa\u0142a i zarabia\u0142a mniej ni\u017c tata, wi\u0119c chocia\u017c w\u0142a\u015bciwie na nic nie brakowa\u0142o, to cz\u0119sto s\u0142ysza\u0142am od niej, \u017ce nie ma pieni\u0119dzy na moje zachcianki.<\/p>\n\n\n\n<p class=\"has-black-color has-text-color has-link-color has-small-font-size wp-elements-6c8825eac817c9165408bec3abf84683\"><strong>Dopiero jako podw\u00f3jnie pe\u0142noletnia kobieta nauczy\u0142am si\u0119 ogarnia\u0107 swoje finanse i wychodz\u0119 na prost\u0105. <\/strong>No dobra, mo\u017ce za du\u017co powiedziane z t\u0105 prost\u0105. Ju\u017c nie panikuj\u0119. Panuj\u0119 nad d\u0142ugami, prowadz\u0119 bud\u017cet od jakiego\u015b roku i mam na to plan.<\/p>\n\n\n\n<p class=\"has-black-color has-text-color has-link-color wp-elements-0d766c28bc3a080486b1ce8de41cdd3c\">I o tym b\u0119dzie ten profil. Zapraszam.<\/p>\n\n\n\n<p class=\"has-black-color has-text-color has-link-color wp-elements-3be5dd83fc5486aa35e3f5400e682896\">Kasia<\/p>\n\n\n\n<hr class=\"wp-block-separator has-alpha-channel-opacity\"\/>\n\n\n\n<p class=\"has-black-color has-text-color has-link-color wp-elements-9ac00cf961d1ea846fe5a532228b76c6\"><\/p>\n\n\n\n<h3 class=\"wp-block-heading\">Kim jestem? \ud83d\udc69\u200d\ud83d\udcbc<\/h3>\n\n\n\n<p class=\"has-black-color has-text-color has-link-color wp-elements-4d37bd9c0865c7d4e52e0f6e281da4d8\">Nazywam si\u0119 <strong>Kasia<\/strong> i jak wielu z nas, zmagam si\u0119 z d\u0142ugami \ud83d\udcb8. Kiedy\u015b ton\u0119\u0142am w nich po uszy, ale dzi\u015b patrz\u0119 na to zupe\u0142nie inaczej. Mam plan sp\u0142at, nadp\u0142acam zobowi\u0105zania metod\u0105 &#8222;\u015bnie\u017cnej kuli&#8221; i wypracowuj\u0119 rozwi\u0105zania, kt\u00f3re pomagaj\u0105 mi odzyska\u0107 kontrol\u0119 nad finansami \ud83d\udcaa.<\/p>\n\n\n\n<p class=\"has-black-color has-text-color has-link-color wp-elements-fbf1fb70cfacae7f0a9267618ac13e8e\">Odk\u0105d zacz\u0119\u0142am otwarcie m\u00f3wi\u0107 o swoich d\u0142ugach na Instagramie, zrozumia\u0142am, \u017ce dzielenie si\u0119 swoj\u0105 histori\u0105 to moja si\u0142a \ud83d\udcac. Wiem, jak cenny jest kto\u015b, kto po prostu <strong>wys\u0142ucha<\/strong> \u2013 bez oceniania i krytyki \ud83d\udd11<\/p>\n\n\n\n<h3 class=\"wp-block-heading\">Dlaczego warto um\u00f3wi\u0107 si\u0119 na spotkanie? \ud83e\udd1d<\/h3>\n\n\n\n<ul class=\"wp-block-list\">\n<li class=\"has-black-color has-text-color has-link-color wp-elements-1362d021ac0ad192d5e70a4f369be9a9\"><strong>Bo wiem, przez co przechodzisz.<\/strong> Sama walcz\u0119 z d\u0142ugami i znam to uczucie \ud83d\ude0c.<\/li>\n\n\n\n<li class=\"has-black-color has-text-color has-link-color wp-elements-3d57d5d153b189421f365ab9b43ccc63\"><strong>Bo rozmowa mo\u017ce by\u0107 kluczem do zmiany.<\/strong> Pomog\u0119 Ci pouk\u0142ada\u0107 my\u015bli i znale\u017a\u0107 \u015bwiate\u0142ko w tunelu.<\/li>\n\n\n\n<li class=\"has-black-color has-text-color has-link-color wp-elements-03ccaea54460bbe190f4e9ba526f9ab0\"><strong>Bo to bezpieczna przestrze\u0144.<\/strong> Nie ma wstydliwych temat\u00f3w, nie ma ocen \u2013 jest za to pe\u0142na akceptacja \ud83d\udc96.<\/li>\n\n\n\n<li class=\"has-black-color has-text-color has-link-color wp-elements-6c14bb3874e17009125d2de7485e0963\"><strong>Bo zrozumienie to pierwszy krok do dzia\u0142ania.<\/strong> Chocia\u017c to nie terapia, razem mo\u017cemy znale\u017a\u0107 rozwi\u0105zania i wyznaczy\u0107 cele \ud83c\udfc6.<\/li>\n\n\n\n<li class=\"has-black-color has-text-color has-link-color wp-elements-abebe364b7d8a7e0de435bd73bbd3dbd\"><strong>Bo to czas dla Ciebie.<\/strong> Mo\u017cesz podzieli\u0107 si\u0119 swoj\u0105 histori\u0105, zmartwieniami albo po prostu porozmawia\u0107 z kim\u015b, kto naprawd\u0119 Ci\u0119 zrozumie \ud83d\udcac\ud83e\udd17.<\/li>\n<\/ul>\n\n\n\n<h3 class=\"wp-block-heading\">Oferuj\u0119 wi\u0119cej ni\u017c rozmow\u0119 \ud83c\udfaf<\/h3>\n\n\n\n<p class=\"has-black-color has-text-color has-link-color wp-elements-b55d4f80ab7554dd056e930b9935cca2\">Jestem w trakcie studi\u00f3w podyplomowych z <strong>coachingu z elementami psychologii<\/strong> \ud83d\udcda. To spotkanie to nie tylko wsparcie, ale r\u00f3wnie\u017c pomoc w wyznaczaniu cel\u00f3w \ud83c\udfaf i motywacja do dzia\u0142ania \ud83d\ude80.<\/p>\n\n\n\n<p class=\"has-black-color has-text-color has-link-color wp-elements-eac5d2546a0f56d11b6a8750463193e5\">Moje do\u015bwiadczenie z <strong>talentami Gallupa<\/strong> \ud83c\udfc5 pomaga mi wydobywa\u0107 z ludzi ich naturalny potencja\u0142, wi\u0119c pomog\u0119 Ci spojrze\u0107 na Twoj\u0105 sytuacj\u0119 w nowy spos\u00f3b \ud83d\udd0d. Czasami wystarczy \u015bwie\u017ce spojrzenie, by zauwa\u017cy\u0107 mo\u017cliwo\u015bci, kt\u00f3re wcze\u015bniej by\u0142y ukryte.<\/p>\n\n\n\n<p class=\"has-black-color has-text-color has-link-color wp-elements-1b4c89cd8803fefd4fd5c1c46e6cfdde\">Je\u015bli zdecydujesz si\u0119 wesprze\u0107 mnie przez Naffy, ka\u017cda wp\u0142ata pomo\u017ce mi w nadp\u0142acaniu moich zobowi\u0105za\u0144 kredytowych \ud83d\udcb8. To ma\u0142y krok, kt\u00f3ry przybli\u017ca mnie do wyj\u015bcia z d\u0142ug\u00f3w, a jednocze\u015bnie daje mi szans\u0119 na dalsze wspieranie innych w ich drodze do wolno\u015bci finansowej. Twoje wsparcie ma dla mnie ogromne znaczenie, dzi\u0119kuj\u0119 z ca\u0142ego serca! \u2764\ufe0f<\/p>\n\n\n\n<h3 class=\"wp-block-heading\">Szczeg\u00f3\u0142y spotkania \ud83d\udcc5<\/h3>\n\n\n\n<ul class=\"wp-block-list\">\n<li><strong>Koszt:<\/strong> 60 z\u0142 \ud83d\udcb5<\/li>\n\n\n\n<li><strong>Czas trwania:<\/strong> 60 minut \u23f0<\/li>\n<\/ul>\n\n\n\n<h3 class=\"wp-block-heading\">Jak si\u0119 zapisa\u0107? \ud83d\udcf2<\/h3>\n\n\n\n<p class=\"has-black-color has-text-color has-link-color wp-elements-30e7d248d5efb90a9185f30f897e2b64\">Je\u015bli czujesz, \u017ce potrzebujesz wsparcia lub po prostu chcesz porozmawia\u0107 z kim\u015b, kto Ci\u0119 zrozumie \ud83e\udd1d, napisz do mnie. Wy\u015bl\u0119 Ci link do kalendarza \ud83d\udcc5, gdzie b\u0119dziesz mog\u0142a\/m\u00f3g\u0142 wybra\u0107 dogodny termin.<\/p>\n\n\n\n<p class=\"has-black-color has-text-color has-link-color wp-elements-50b14a0577c91bb377abdadc230bfc05\"><strong>Do zobaczenia na wirtualnej kawie!<\/strong> \u2615\ud83d\udc96<br><strong>Kasia<\/strong><\/p>\n\n\n\n<div class=\"wp-block-buttons is-layout-flex wp-block-buttons-is-layout-flex\">\n<div class=\"wp-block-button\"><a class=\"wp-block-button__link wp-element-button\" href=\"https:\/\/www.naffy.io\/kasia-okasie\/wirtualna-kawa-z-kasiaokasie-VfN\">Zapisz si\u0119 spotkanie<\/a><\/div>\n<\/div>\n\n\n\n<p><\/p>\n","protected":false},"excerpt":{"rendered":"<p>Kasia o kasie, czyli kto? Oto jest Kasia, czyli spowied\u017a d\u0142u\u017cniczki Na co dzie\u0144 od wielu lat pracuj\u0119 na etacie. Zarabiam ca\u0142kiem dobrze, ale nale\u017c\u0119 do os\u00f3b, kt\u00f3re tylko w &#8230;<\/p>\n","protected":false},"author":2,"featured_media":0,"parent":0,"menu_order":0,"comment_status":"closed","ping_status":"closed","template":"","meta":{"_monsterinsights_skip_tracking":false,"_monsterinsights_sitenote_active":false,"_monsterinsights_sitenote_note":"","_monsterinsights_sitenote_category":0,"_uf_show_specific_survey":0,"_uf_disable_surveys":false,"footnotes":""},"class_list":["post-140","page","type-page","status-publish","hentry"],"_links":{"self":[{"href":"https:\/\/kasiaokasie.pl\/index.php?rest_route=\/wp\/v2\/pages\/140","targetHints":{"allow":["GET"]}}],"collection":[{"href":"https:\/\/kasiaokasie.pl\/index.php?rest_route=\/wp\/v2\/pages"}],"about":[{"href":"https:\/\/kasiaokasie.pl\/index.php?rest_route=\/wp\/v2\/types\/page"}],"author":[{"embeddable":true,"href":"https:\/\/kasiaokasie.pl\/index.php?rest_route=\/wp\/v2\/users\/2"}],"replies":[{"embeddable":true,"href":"https:\/\/kasiaokasie.pl\/index.php?rest_route=%2Fwp%2Fv2%2Fcomments&post=140"}],"version-history":[{"count":12,"href":"https:\/\/kasiaokasie.pl\/index.php?rest_route=\/wp\/v2\/pages\/140\/revisions"}],"predecessor-version":[{"id":835,"href":"https:\/\/kasiaokasie.pl\/index.php?rest_route=\/wp\/v2\/pages\/140\/revisions\/835"}],"wp:attachment":[{"href":"https:\/\/kasiaokasie.pl\/index.php?rest_route=%2Fwp%2Fv2%2Fmedia&parent=140"}],"curies":[{"name":"wp","href":"https:\/\/api.w.org\/{rel}","templated":true}]}}