{"id":141,"date":"2024-06-22T18:14:04","date_gmt":"2024-06-22T16:14:04","guid":{"rendered":"https:\/\/kasiaokasie.pl\/?page_id=141"},"modified":"2025-11-02T16:10:07","modified_gmt":"2025-11-02T15:10:07","slug":"kontakt","status":"publish","type":"page","link":"https:\/\/kasiaokasie.pl\/?page_id=141","title":{"rendered":"Kontakt"},"content":{"rendered":"\n<p class=\"has-black-color has-text-color has-link-color wp-elements-a26240954df7f474d26c561265502d71\">Zach\u0119cam do kontaktu przez m\u00f3j profil na Instagramie <a href=\"https:\/\/www.instagram.com\/kasia.o.kasie\">@kasia.o.kasie<\/a><br>Lub na adres e-mail: <a href=\"mailto:kasiaokasie@gmail.com\">kasiaokasie@gmail.com<\/a><br><\/p>\n\n\n\n<h2 class=\"wp-block-heading\">Je\u015bli chcesz porozmawia\u0107 o swoich d\u0142ugach, proponuj\u0119 spotkanie<\/h2>\n\n\n\n<p class=\"has-black-color has-text-color has-link-color wp-elements-d1b840b64161f92633aa707bcdf6e09c\"><br>\ud83d\uddd3 Zapisz si\u0119 na wirtualn\u0105 kaw\u0119 ze mn\u0105! \u2615\ufe0f\ud83d\udcac<\/p>\n\n\n\n<p class=\"has-black-color has-text-color has-link-color wp-elements-d168d75edbb3812c7cc8deab8fcdde60\">Zapraszam Ci\u0119 na wyj\u0105tkowe spotkanie online \u2013 <strong>wirtualn\u0105 kaw\u0119<\/strong> lub herbat\u0119 \ud83c\udf75, podczas kt\u00f3rej b\u0119dziemy mogli porozmawia\u0107 o tym, co dla Ciebie wa\u017cne. Bez presji, w swobodnej atmosferze \ud83d\ude0a.<\/p>\n\n\n\n<h3 class=\"wp-block-heading\">Dlaczego zapraszam? \ud83e\udd14\u2764\ufe0f<\/h3>\n\n\n\n<p class=\"has-black-color has-text-color has-link-color wp-elements-ffd4e5f79ad9b9dc8cdcde3402d51e3a\">Rozmowa o finansach, a zw\u0142aszcza o d\u0142ugach, to temat, kt\u00f3ry wielu z nas unika \ud83d\ude14. Wiem, bo sama przez to przechodzi\u0142am. Kiedy przyzna\u0142am przed sob\u0105, \u017ce potrzebuj\u0119 wsparcia, zrobi\u0142am pierwszy krok ku zmianie. Rozmowa bywa uwalniaj\u0105ca i mo\u017ce by\u0107 pocz\u0105tkiem nowej drogi.<\/p>\n\n\n\n<h3 class=\"wp-block-heading\">Kim jestem? \ud83d\udc69\u200d\ud83d\udcbc<\/h3>\n\n\n\n<p class=\"has-black-color has-text-color has-link-color wp-elements-4d37bd9c0865c7d4e52e0f6e281da4d8\">Nazywam si\u0119 <strong>Kasia<\/strong> i jak wielu z nas, zmagam si\u0119 z d\u0142ugami \ud83d\udcb8. Kiedy\u015b ton\u0119\u0142am w nich po uszy, ale dzi\u015b patrz\u0119 na to zupe\u0142nie inaczej. Mam plan sp\u0142at, nadp\u0142acam zobowi\u0105zania metod\u0105 &#8222;\u015bnie\u017cnej kuli&#8221; i wypracowuj\u0119 rozwi\u0105zania, kt\u00f3re pomagaj\u0105 mi odzyska\u0107 kontrol\u0119 nad finansami \ud83d\udcaa.<\/p>\n\n\n\n<p class=\"has-black-color has-text-color has-link-color wp-elements-fbf1fb70cfacae7f0a9267618ac13e8e\">Odk\u0105d zacz\u0119\u0142am otwarcie m\u00f3wi\u0107 o swoich d\u0142ugach na Instagramie, zrozumia\u0142am, \u017ce dzielenie si\u0119 swoj\u0105 histori\u0105 to moja si\u0142a \ud83d\udcac. Wiem, jak cenny jest kto\u015b, kto po prostu <strong>wys\u0142ucha<\/strong> \u2013 bez oceniania i krytyki \ud83d\udd11<\/p>\n\n\n\n<p class=\"has-black-color has-text-color has-link-color wp-elements-9ac00cf961d1ea846fe5a532228b76c6\"><\/p>\n\n\n\n<p class=\"has-black-color has-text-color has-link-color wp-elements-50b14a0577c91bb377abdadc230bfc05\"><strong>Do zobaczenia na wirtualnej kawie!<\/strong> \u2615\ud83d\udc96<br><strong>Kasia<\/strong><\/p>\n\n\n\n<div class=\"wp-block-buttons is-layout-flex wp-block-buttons-is-layout-flex\">\n<div class=\"wp-block-button\"><a class=\"wp-block-button__link wp-element-button\" href=\"https:\/\/www.naffy.io\/kasia-okasie\/wirtualna-kawa-z-kasiaokasie-VfN\">Zapisz si\u0119 spotkanie<\/a><\/div>\n<\/div>\n\n\n\n<h2 class=\"wp-block-heading\"><\/h2>\n\n\n<style id=\"wpforms-css-vars-380-block-a39aaa26-2cb7-48a4-bb62-ffe13e954e16\">\n\t\t\t\t#wpforms-380.wpforms-block-a39aaa26-2cb7-48a4-bb62-ffe13e954e16 {\n\t\t\t\t--wpforms-field-size-input-height: 43px;\n--wpforms-field-size-input-spacing: 15px;\n--wpforms-field-size-font-size: 16px;\n--wpforms-field-size-line-height: 19px;\n--wpforms-field-size-padding-h: 14px;\n--wpforms-field-size-checkbox-size: 16px;\n--wpforms-field-size-sublabel-spacing: 5px;\n--wpforms-field-size-icon-size: 1;\n--wpforms-label-size-font-size: 16px;\n--wpforms-label-size-line-height: 19px;\n--wpforms-label-size-sublabel-font-size: 14px;\n--wpforms-label-size-sublabel-line-height: 17px;\n--wpforms-button-size-font-size: 17px;\n--wpforms-button-size-height: 41px;\n--wpforms-button-size-padding-h: 15px;\n--wpforms-button-size-margin-top: 10px;\n\t\t\t}\n\t\t\t<\/style><div class=\"wpforms-container wpforms-container-full wpforms-block wpforms-block-a39aaa26-2cb7-48a4-bb62-ffe13e954e16 wpforms-render-modern\" id=\"wpforms-380\"><form id=\"wpforms-form-380\" class=\"wpforms-validate wpforms-form wpforms-ajax-form\" data-formid=\"380\" method=\"post\" enctype=\"multipart\/form-data\" action=\"\/index.php?rest_route=%2Fwp%2Fv2%2Fpages%2F141\" data-token=\"fcb5ca3673f2f96d60cb805bf75cc977\" data-token-time=\"1779037102\"><noscript class=\"wpforms-error-noscript\">Aby wype\u0142ni\u0107 ten formularz, w\u0142\u0105cz obs\u0142ug\u0119 JavaScript w przegl\u0105darce.<\/noscript><div id=\"wpforms-error-noscript\" style=\"display: none;\">Aby wype\u0142ni\u0107 ten formularz, w\u0142\u0105cz obs\u0142ug\u0119 JavaScript w przegl\u0105darce.<\/div><div class=\"wpforms-field-container\"><div id=\"wpforms-380-field_1-container\" class=\"wpforms-field wpforms-field-name\" data-field-id=\"1\"><fieldset><legend class=\"wpforms-field-label\">Imi\u0119 i nazwisko <span class=\"wpforms-required-label\" aria-hidden=\"true\">*<\/span><\/legend><div class=\"wpforms-field-row wpforms-field-medium\"><div class=\"wpforms-field-row-block wpforms-first wpforms-one-half\"><input type=\"text\" id=\"wpforms-380-field_1\" class=\"wpforms-field-name-first wpforms-field-required\" name=\"wpforms[fields][1][first]\" aria-errormessage=\"wpforms-380-field_1-error\" required><label for=\"wpforms-380-field_1\" class=\"wpforms-field-sublabel after\">Pierwszy<\/label><\/div><div class=\"wpforms-field-row-block wpforms-one-half\"><input type=\"text\" id=\"wpforms-380-field_1-last\" class=\"wpforms-field-name-last wpforms-field-required\" name=\"wpforms[fields][1][last]\" aria-errormessage=\"wpforms-380-field_1-last-error\" required><label for=\"wpforms-380-field_1-last\" class=\"wpforms-field-sublabel after\">Ostatni<\/label><\/div><\/div><\/fieldset><\/div><div id=\"wpforms-380-field_2-container\" class=\"wpforms-field wpforms-field-email\" data-field-id=\"2\"><label class=\"wpforms-field-label\" for=\"wpforms-380-field_2\">Email <span class=\"wpforms-required-label\" aria-hidden=\"true\">*<\/span><\/label><input type=\"email\" id=\"wpforms-380-field_2\" class=\"wpforms-field-medium wpforms-field-required\" name=\"wpforms[fields][2]\" spellcheck=\"false\" aria-errormessage=\"wpforms-380-field_2-error\" required><\/div><div id=\"wpforms-380-field_3-container\" class=\"wpforms-field wpforms-field-checkbox\" data-field-id=\"3\"><fieldset><legend class=\"wpforms-field-label\">RODO<\/legend><ul id=\"wpforms-380-field_3\"><li class=\"choice-1 depth-1\"><input type=\"checkbox\" id=\"wpforms-380-field_3_1\" name=\"wpforms[fields][3][]\" value=\"Wyra\u017cam zgod\u0119 na przetwarzanie danych osobowych przez administratora strony internetowej kasiaokasie.pl w celu otrzymywania informacji handlowych i marketingowych. Wyra\u017cam zgod\u0119 na przesy\u0142anie informacji na wskazany adres..\" aria-errormessage=\"wpforms-380-field_3_1-error\"  ><label class=\"wpforms-field-label-inline\" for=\"wpforms-380-field_3_1\">Wyra\u017cam zgod\u0119 na przetwarzanie danych osobowych przez administratora strony internetowej kasiaokasie.pl w celu otrzymywania informacji handlowych i marketingowych. Wyra\u017cam zgod\u0119 na przesy\u0142anie informacji na wskazany adres..<\/label><\/li><\/ul><\/fieldset><\/div><\/div><!-- .wpforms-field-container --><div class=\"wpforms-submit-container\" ><input type=\"hidden\" name=\"wpforms[id]\" value=\"380\"><input type=\"hidden\" name=\"page_title\" value=\"\"><input type=\"hidden\" name=\"page_url\" value=\"https:\/\/kasiaokasie.pl\/index.php?rest_route=\/wp\/v2\/pages\/141\"><input type=\"hidden\" name=\"url_referer\" value=\"\"><button type=\"submit\" name=\"wpforms[submit]\" id=\"wpforms-submit-380\" class=\"wpforms-submit\" data-alt-text=\"Wysy\u0142anie...\" data-submit-text=\"Wy\u015blij\" aria-live=\"assertive\" value=\"wpforms-submit\">Wy\u015blij<\/button><img loading=\"lazy\" decoding=\"async\" src=\"https:\/\/kasiaokasie.pl\/wp-content\/plugins\/wpforms-lite\/assets\/images\/submit-spin.svg\" class=\"wpforms-submit-spinner\" style=\"display: none;\" width=\"26\" height=\"26\" alt=\"Wczytywanie\"><\/div><\/form><\/div>  <!-- .wpforms-container -->","protected":false},"excerpt":{"rendered":"<p>Zach\u0119cam do kontaktu przez m\u00f3j profil na Instagramie @kasia.o.kasieLub na adres e-mail: kasiaokasie@gmail.com Je\u015bli chcesz porozmawia\u0107 o swoich d\u0142ugach, proponuj\u0119 spotkanie \ud83d\uddd3 Zapisz si\u0119 na wirtualn\u0105 kaw\u0119 ze mn\u0105! \u2615\ufe0f\ud83d\udcac &#8230;<\/p>\n","protected":false},"author":2,"featured_media":0,"parent":0,"menu_order":0,"comment_status":"closed","ping_status":"closed","template":"","meta":{"_monsterinsights_skip_tracking":false,"_monsterinsights_sitenote_active":false,"_monsterinsights_sitenote_note":"","_monsterinsights_sitenote_category":0,"_uf_show_specific_survey":0,"_uf_disable_surveys":false,"footnotes":""},"class_list":["post-141","page","type-page","status-publish","hentry"],"_links":{"self":[{"href":"https:\/\/kasiaokasie.pl\/index.php?rest_route=\/wp\/v2\/pages\/141","targetHints":{"allow":["GET"]}}],"collection":[{"href":"https:\/\/kasiaokasie.pl\/index.php?rest_route=\/wp\/v2\/pages"}],"about":[{"href":"https:\/\/kasiaokasie.pl\/index.php?rest_route=\/wp\/v2\/types\/page"}],"author":[{"embeddable":true,"href":"https:\/\/kasiaokasie.pl\/index.php?rest_route=\/wp\/v2\/users\/2"}],"replies":[{"embeddable":true,"href":"https:\/\/kasiaokasie.pl\/index.php?rest_route=%2Fwp%2Fv2%2Fcomments&post=141"}],"version-history":[{"count":12,"href":"https:\/\/kasiaokasie.pl\/index.php?rest_route=\/wp\/v2\/pages\/141\/revisions"}],"predecessor-version":[{"id":966,"href":"https:\/\/kasiaokasie.pl\/index.php?rest_route=\/wp\/v2\/pages\/141\/revisions\/966"}],"wp:attachment":[{"href":"https:\/\/kasiaokasie.pl\/index.php?rest_route=%2Fwp%2Fv2%2Fmedia&parent=141"}],"curies":[{"name":"wp","href":"https:\/\/api.w.org\/{rel}","templated":true}]}}