{"id":143,"date":"2024-06-22T18:14:04","date_gmt":"2024-06-22T16:14:04","guid":{"rendered":"https:\/\/kasiaokasie.pl\/?page_id=143"},"modified":"2024-08-05T20:52:05","modified_gmt":"2024-08-05T18:52:05","slug":"ankiety","status":"publish","type":"page","link":"https:\/\/kasiaokasie.pl\/?page_id=143","title":{"rendered":"Ankiety"},"content":{"rendered":"\n<p class=\"has-black-color has-text-color has-link-color has-large-font-size wp-elements-86dc6e77bb554715b419162506cc6b9e\"><strong>Panele badawcze<\/strong><\/p>\n\n\n\n<p class=\"has-black-color has-text-color has-link-color wp-elements-add96de05a3079a0de2c84c7e7ff3f87\">Instytuty zajmuj\u0105ce si\u0119 badaniem opinii publicznej oferuj\u0105 gratyfikacje dla os\u00f3b bior\u0105cych udzia\u0142 w badaniach.<\/p>\n\n\n\n<p class=\"has-black-color has-text-color has-link-color wp-elements-6f60613f1b594634417a494e0123894d\">Czasami s\u0105 to nagrody fizyczne, a cz\u0119\u015bciej punkty przeliczane na karty podarunkowe do znanych sklep\u00f3w lub przelew.<\/p>\n\n\n\n<p class=\"has-black-color has-text-color has-link-color wp-elements-4a6c277a7cae5897593ff0519a9b634d\">Poka\u017ce Ci od czego zacz\u0105\u0107.<\/p>\n\n\n\n<figure class=\"wp-block-image size-full\"><img loading=\"lazy\" decoding=\"async\" width=\"1024\" height=\"1024\" src=\"https:\/\/kasiaokasie.pl\/wp-content\/uploads\/2024\/06\/wypelnianie-ankiet-.jpg\" alt=\"\" class=\"wp-image-96\" srcset=\"https:\/\/kasiaokasie.pl\/wp-content\/uploads\/2024\/06\/wypelnianie-ankiet-.jpg 1024w, https:\/\/kasiaokasie.pl\/wp-content\/uploads\/2024\/06\/wypelnianie-ankiet--300x300.jpg 300w, https:\/\/kasiaokasie.pl\/wp-content\/uploads\/2024\/06\/wypelnianie-ankiet--150x150.jpg 150w, https:\/\/kasiaokasie.pl\/wp-content\/uploads\/2024\/06\/wypelnianie-ankiet--768x768.jpg 768w\" sizes=\"auto, (max-width: 1024px) 100vw, 1024px\" \/><\/figure>\n\n\n\n<p><\/p>\n\n\n\n<h2 class=\"wp-block-heading\"><strong><sup><sub>Wype\u0142nianie ankiet, czyli uczestnictwo w panelach badawczych<\/sub><\/sup><\/strong><\/h2>\n\n\n\n<p class=\"has-black-color has-blush-light-purple-gradient-background has-text-color has-background has-link-color wp-elements-e6adfaa61933ff2d78d44dee4781bd0c\"><em><strong>Zasady s\u0105 proste:<\/strong><\/em><\/p>\n\n\n\n<p class=\"has-black-color has-text-color has-link-color wp-elements-e5225d4662d134183bcbd660a59f5157\">&#8211; trzeba zarejestrowa\u0107 konto na stronie wybranego programu<\/p>\n\n\n\n<p class=\"has-black-color has-text-color has-link-color wp-elements-1afcfc86c0e234df5182c14fd2b61b72\">&#8211; mie\u0107 uko\u0144czone 18 lat<\/p>\n\n\n\n<p class=\"has-black-color has-text-color has-link-color wp-elements-1e58366e96f6f41d4cec2034f3156b35\">&#8211; mie\u0107 troch\u0119 czasu na udzielanie odpowiedzi \u2013 to \u015bwietna opcja dla os\u00f3b doje\u017cd\u017caj\u0105cych komunikacj\u0105 miejsk\u0105<\/p>\n\n\n\n<p class=\"has-black-color has-text-color has-link-color wp-elements-726691b1cc5a8ee44fad80be7f883d9c\">Korzystam z wielu platform i mam swoich faworyt\u00f3w, ale oczywi\u015bcie ka\u017cdy mo\u017ce spr\u00f3bowa\u0107 wyrobi\u0107 sobie w\u0142asne zdanie.<\/p>\n\n\n\n<p class=\"has-black-color has-blush-light-purple-gradient-background has-text-color has-background has-link-color wp-elements-0eedb25ea9412eade18616a21c337a20\"><strong><em>Na co zwr\u00f3ci\u0107 szczeg\u00f3ln\u0105 uwag\u0119?<\/em><\/strong><\/p>\n\n\n\n<p class=\"has-black-color has-text-color has-link-color wp-elements-3f7b861de825af6431c7cc477ae82b39\">Polecam u\u017cy\u0107 drugiego maila, poniewa\u017c czasami ankiet wpada bardzo du\u017co i mo\u017ce to za\u015bmieci\u0107 skrzynk\u0119 e-mail.<\/p>\n\n\n\n<p class=\"has-black-color has-text-color has-link-color wp-elements-b30be54755d43fe228b679497e99406f\">Poni\u017cej udost\u0119pniam Wam programy, w kt\u00f3rych bior\u0119 udzia\u0142. Poni\u017cej rozpisa\u0142am programy oraz przelicznik punktowo-z\u0142otowy.<\/p>\n\n\n\n<!--more Sprawd\u017a to koniecznie-->\n\n\n\n<p><strong><a href=\"https:\/\/attapoll.app\/join\/qzmda\">APLIKACJA MOBILNA ATTAPOLL<\/a><\/strong> &#8211; kliknij \ud83d\udd25 \ud83d\udd25 \ud83d\udd25 <strong>m\u00f3j faworyt!<\/strong><\/p>\n\n\n\n<p class=\"has-black-color has-text-color has-link-color wp-elements-cea2d0e71050489a88b9a0dbb41c5f2a\">Dzia\u0142a wy\u0142\u0105cznie jako aplikacja, ale to moje najlepsze odkrycie. Od razu wida\u0107 za ile z\u0142otych jest ankieta, kt\u00f3r\u0105 mamy wype\u0142ni\u0107, a przelewy s\u0105 wyp\u0142acane ju\u017c od 12 z\u0142. Podobno zdarzaj\u0105 si\u0119 nawet ankiety pojedyncze za 7-9 ziko, ale jeszcze nie by\u0142o mi dane takie wype\u0142ni\u0107.<\/p>\n\n\n\n<p><\/p>\n\n\n\n<p><a href=\"http:\/\/panelariadna.pl\/register?ref=988627805\"><strong>ARIADNA<\/strong><\/a> &#8211; kliknij<\/p>\n\n\n\n<p class=\"has-black-color has-text-color has-link-color wp-elements-1bbf1d9d5d3713053aa678969cb6bd24\">800 punkt\u00f3w = bon na 20 z\u0142 do pluxee.<\/p>\n\n\n\n<p class=\"has-black-color has-text-color has-link-color wp-elements-0d2190996427706cc6cec4911b51f4cd\">Od 100 do 22 000 pkt, nagrody rzeczowe lub dost\u0119py do e-book\u00f3w.<br><\/p>\n\n\n\n<p><strong><a href=\"https:\/\/askgfk.pl\">ASKGFK.PL<\/a><\/strong> &#8211; kliknij<\/p>\n\n\n\n<p class=\"has-black-color has-text-color has-link-color wp-elements-5b183cf454ea301d90976d693be017f9\">1100 punkt\u00f3w mo\u017cna wymieni\u0107 na przelew 50 z\u0142 lub Netflix, sklepy odzie\u017cowe, sportowe i elektroniczne, za 2150 punkt\u00f3w jest ju\u017c 100 z\u0142<\/p>\n\n\n\n<p><\/p>\n\n\n\n<p><strong><a href=\"https:\/\/panel.badanie-opinii.pl\/user\/recommend\/token\/a075ada37a5d24d628dc256d513386761801ba9d\">BADANIE-OPINII.PL<\/a><\/strong> &#8211; kliknij<\/p>\n\n\n\n<p class=\"has-black-color has-text-color has-link-color wp-elements-e908fcd6d52097a28a9baff2a91853c5\">1000 punkt\u00f3w = przelew 50 z\u0142<\/p>\n\n\n\n<p class=\"has-black-color has-text-color has-link-color wp-elements-e1c891352fdf5a50bc7f73be312a2d0a\">Jest ju\u017c dost\u0119pna aplikacja mobilna.<\/p>\n\n\n\n<p><\/p>\n\n\n\n<p><strong><a href=\"https:\/\/www.ipsosisay.com\/pl-pl\/referral\/9b5162e0-297c-11ef-a426-9d692b706a68\">IPSOS<\/a><\/strong> &#8211; kliknij<\/p>\n\n\n\n<p class=\"has-black-color has-text-color has-link-color wp-elements-569819910720dc688dc8462cfee69e66\">967 punkt\u00f3w = 5 euro paypal<\/p>\n\n\n\n<p class=\"has-black-color has-text-color has-link-color wp-elements-764e1b008d8be920012591a8437fc9f6\">910 punkt\u00f3w = 25 z\u0142 zalando<\/p>\n\n\n\n<p class=\"has-black-color has-text-color has-link-color wp-elements-d05649b903178cee308c96d000a03203\">943 punkty = 25 z\u0142 allegro<\/p>\n\n\n\n<p><\/p>\n\n\n\n<p><strong><a href=\"https:\/\/aplikacja.npb.com.pl\/panelista\/register?referralCode=Kasiaokasie\">NPB<\/a><\/strong> &#8211; kliknij<\/p>\n\n\n\n<p class=\"has-black-color has-text-color has-link-color wp-elements-f4e99b840205325c7f2beed44cd25336\">250 punkt\u00f3w = 25 z\u0142<\/p>\n\n\n\n<p class=\"has-black-color has-text-color has-link-color wp-elements-fef830a82f8a88e734d9c8659e8b3d4c\">500 punkt\u00f3w = 50 z\u0142<\/p>\n\n\n\n<p class=\"has-black-color has-text-color has-link-color wp-elements-3950b49346419eaae625528c6297ccc0\">1000 punkt\u00f3w = 100 z\u0142<\/p>\n\n\n\n<p><\/p>\n\n\n\n<p><a href=\"https:\/\/rejestracja.opinie.pl\/zapros.htm?u=77247283\"><strong>OPINIE.PL<\/strong><\/a> &#8211; kliknij<\/p>\n\n\n\n<p class=\"has-black-color has-text-color has-link-color wp-elements-e9e4415e92c8112c39068a3c52272f89\">2000 punkt\u00f3w = do\u0142adowanie telefonu, cho\u0107 na stronie nie ma informacji, na jak\u0105 warto\u015b\u0107. W tym momencie zbieram dalej, bo mam telefon na abonament.<\/p>\n\n\n\n<p class=\"has-black-color has-text-color has-link-color wp-elements-01a6577a83cbd4120e86e3f96b263354\">5000 punkt\u00f3w = bon do zalando 25 z\u0142<\/p>\n\n\n\n<p class=\"has-black-color has-text-color has-link-color wp-elements-cc56467e20fea74401c57125978ae728\">8000 punkt\u00f3w = bidon lub przelew bankowy<\/p>\n\n\n\n<p class=\"has-black-color has-text-color has-link-color wp-elements-7862763486b5133c94324a5a041ee6dd\">9000 punkt\u00f3w = kubek termiczny<\/p>\n\n\n\n<p class=\"has-black-color has-text-color has-link-color wp-elements-bd9ae2445ffdf28b88ecbf51d07e8587\">10&nbsp;000 punkt\u00f3w = bon do zalando na 50 z\u0142<\/p>\n\n\n\n<p><\/p>\n\n\n\n<p><strong><a href=\"https:\/\/poznaj.to\/rejestracja?r=rSFSqr\">POZNAJ.TO<\/a><\/strong> &#8211; kliknij<\/p>\n\n\n\n<p class=\"has-black-color has-text-color has-link-color wp-elements-3005d015f5263c3b205d6f024c3b141b\">200 punkt\u00f3w = przelew 20 z\u0142<\/p>\n\n\n\n<p><\/p>\n\n\n\n<p><strong><a href=\"https:\/\/reaktoropinii.pl\/ref\/51gcab\">REAKTOROPINII.Pl<\/a><\/strong> &#8211; kliknij<\/p>\n\n\n\n<p class=\"has-black-color has-text-color has-link-color wp-elements-fef830a82f8a88e734d9c8659e8b3d4c\">500 punkt\u00f3w = 50 z\u0142<\/p>\n\n\n\n<p><\/p>\n\n\n\n<p><strong><a title=\"\" href=\"https:\/\/www.toluna.com\/register?referralGuid=8443dbc8-b0a1-468b-93c8-8cb941ae9ed2\" target=\"_blank\" rel=\"noopener\">TOLUNA<\/a><\/strong> &#8211; kliknij<\/p>\n\n\n\n<p class=\"has-black-color has-text-color has-link-color wp-elements-24782c57e054c475601f50c0d5b7bbf8\">Tu opr\u00f3cz ankiet w przegl\u0105darce mo\u017cna skorzysta\u0107 z aplikacji. Ankiety s\u0105 wysoko punktowane.<\/p>\n\n\n\n<p class=\"has-black-color has-text-color has-link-color wp-elements-bbb60ed65222d0f7c599e2b80e4881fb\">Punkty mo\u017cna wymieni\u0107 m.in.<\/p>\n\n\n\n<p class=\"has-black-color has-text-color has-link-color wp-elements-68846d20615b0013c203994e0ed75631\">Pay Pal 50 z\u0142 &#8211; 55000 pkt.<\/p>\n\n\n\n<p class=\"has-black-color has-text-color has-link-color wp-elements-99459a1c02d82222a2081413c8adcd82\">karty do hebe, zalando, answear, carrefour, home&amp;you &#8211; 50 000 pkt.<\/p>\n\n\n\n<p class=\"has-black-color has-text-color has-link-color wp-elements-6db26c574479a628a2647e8c9e9b5010\">decathlon &#8211; 20 000 pkt.<\/p>\n\n\n\n<p class=\"has-black-color has-text-color has-link-color wp-elements-f7c2dbf4e26e5b532ece5f2368edf7da\">empik &#8211; 24 000 pkt.<\/p>\n\n\n\n<p class=\"has-black-color has-text-color has-link-color wp-elements-fa9c134b544e8da00d0dd4ba8f3dc857\">lego &#8211; 30 000 pkt.<\/p>\n\n\n\n<p class=\"has-black-color has-text-color has-link-color wp-elements-1b755314626f1d9b6c9a8c7d6e9c81ac\">cinema city, uber gift &#8211; 25 000 pkt.<\/p>\n\n\n\n<p class=\"has-black-color has-text-color has-link-color wp-elements-277094c395e31a18d0733ef49eb4c144\">amazon &#8211; 10 000 pkt.<\/p>\n\n\n\n<p class=\"has-black-color has-text-color has-link-color wp-elements-49806fafe41d4068f5b8385c4b480f25\">lub wymieni\u0107 mniejsz\u0105 pul\u0119 punkt\u00f3w na do\u017cywianie dzieci w Afryce, czy posadzenie drzewa<\/p>\n\n\n\n<p><strong><a href=\"https:\/\/research.zymetria.pl\">ZYMETRIA.PL<\/a><\/strong> &#8211; kliknij<\/p>\n\n\n\n<p class=\"has-black-color has-text-color has-link-color wp-elements-f4e99b840205325c7f2beed44cd25336\">250 punkt\u00f3w = 25 z\u0142<\/p>\n\n\n\n<p><\/p>\n","protected":false},"excerpt":{"rendered":"<p>Panele badawcze Instytuty zajmuj\u0105ce si\u0119 badaniem opinii publicznej oferuj\u0105 gratyfikacje dla os\u00f3b bior\u0105cych udzia\u0142 w badaniach. Czasami s\u0105 to nagrody fizyczne, a cz\u0119\u015bciej punkty przeliczane na karty podarunkowe do znanych &#8230;<\/p>\n","protected":false},"author":2,"featured_media":0,"parent":0,"menu_order":0,"comment_status":"closed","ping_status":"closed","template":"","meta":{"_monsterinsights_skip_tracking":false,"_monsterinsights_sitenote_active":false,"_monsterinsights_sitenote_note":"","_monsterinsights_sitenote_category":0,"_uf_show_specific_survey":0,"_uf_disable_surveys":false,"footnotes":""},"class_list":["post-143","page","type-page","status-publish","hentry"],"_links":{"self":[{"href":"https:\/\/kasiaokasie.pl\/index.php?rest_route=\/wp\/v2\/pages\/143","targetHints":{"allow":["GET"]}}],"collection":[{"href":"https:\/\/kasiaokasie.pl\/index.php?rest_route=\/wp\/v2\/pages"}],"about":[{"href":"https:\/\/kasiaokasie.pl\/index.php?rest_route=\/wp\/v2\/types\/page"}],"author":[{"embeddable":true,"href":"https:\/\/kasiaokasie.pl\/index.php?rest_route=\/wp\/v2\/users\/2"}],"replies":[{"embeddable":true,"href":"https:\/\/kasiaokasie.pl\/index.php?rest_route=%2Fwp%2Fv2%2Fcomments&post=143"}],"version-history":[{"count":17,"href":"https:\/\/kasiaokasie.pl\/index.php?rest_route=\/wp\/v2\/pages\/143\/revisions"}],"predecessor-version":[{"id":588,"href":"https:\/\/kasiaokasie.pl\/index.php?rest_route=\/wp\/v2\/pages\/143\/revisions\/588"}],"wp:attachment":[{"href":"https:\/\/kasiaokasie.pl\/index.php?rest_route=%2Fwp%2Fv2%2Fmedia&parent=143"}],"curies":[{"name":"wp","href":"https:\/\/api.w.org\/{rel}","templated":true}]}}