{"id":286,"date":"2024-07-06T13:49:25","date_gmt":"2024-07-06T11:49:25","guid":{"rendered":"https:\/\/kasiaokasie.pl\/?page_id=286"},"modified":"2025-05-29T23:14:54","modified_gmt":"2025-05-29T21:14:54","slug":"postaw-mi-kawe","status":"publish","type":"page","link":"https:\/\/kasiaokasie.pl\/?page_id=286","title":{"rendered":"Postaw autorce kaw\u0119"},"content":{"rendered":"\n<p class=\"has-black-color has-luminous-vivid-amber-background-color has-text-color has-background has-link-color wp-elements-d25b389bcbf15e7c873b337d553c0eb3\"><strong>Pewnie klikaj\u0105c w to, niejedna osoba pomy\u015bli &#8211; ale bezczelna baba, <a href=\"http:\/\/buycoffee.to\/kasia.o.kasie\" target=\"_blank\" rel=\"noopener\" title=\"kaw\u0119\">kaw\u0119<\/a> wymusza \ud83d\ude42<\/strong><\/p>\n\n\n\n<p class=\"has-black-color has-text-color has-link-color wp-elements-96799119ca09948df68c12fabb6eae1a\">Je\u015bli chodzi o kaw\u0119, to wa\u017cne s\u0105 dwie kwestie:<\/p>\n\n\n\n<p class=\"has-black-color has-text-color has-link-color wp-elements-51b65f501da680a23c842a9c32f027f2\">1) Kocham kaw\u0119 i mog\u0142abym j\u0105 dostarcza\u0107 nawet do\u017cylnie, bo chyba ju\u017c na mnie nie dzia\u0142a. A najbardziej uwielbiam aromat \u015bwie\u017co palonych ziaren. Ekspres do kawy jest moim marzeniem odsuni\u0119tym w czasie. Chwilowo priorytetem jest sp\u0142ata d\u0142ug\u00f3w.<\/p>\n\n\n\n<p class=\"has-black-color has-text-color has-link-color wp-elements-0ebee4702e59a5b0be4c965c3c3c9375\">2) Oczywi\u015bcie, sta\u0107 mnie na kaw\u0119.<\/p>\n\n\n<div class=\"wp-block-image\">\n<figure class=\"aligncenter size-large is-resized\"><a href=\"https:\/\/buycoffee.to\/kasia.o.kasie\"><img loading=\"lazy\" decoding=\"async\" width=\"683\" height=\"1024\" src=\"https:\/\/kasiaokasie.pl\/wp-content\/uploads\/2025\/05\/Copilot_20250529_230742-683x1024.png\" alt=\"\" class=\"wp-image-877\" style=\"width:229px;height:auto\" srcset=\"https:\/\/kasiaokasie.pl\/wp-content\/uploads\/2025\/05\/Copilot_20250529_230742-683x1024.png 683w, https:\/\/kasiaokasie.pl\/wp-content\/uploads\/2025\/05\/Copilot_20250529_230742-200x300.png 200w, https:\/\/kasiaokasie.pl\/wp-content\/uploads\/2025\/05\/Copilot_20250529_230742-768x1152.png 768w, https:\/\/kasiaokasie.pl\/wp-content\/uploads\/2025\/05\/Copilot_20250529_230742.png 1024w\" sizes=\"auto, (max-width: 683px) 100vw, 683px\" \/><\/a><\/figure>\n<\/div>\n\n\n<h2 class=\"wp-block-heading has-black-color has-text-color has-link-color wp-elements-7ebb9b61254107d97123f50faf9bf968\">Dlaczego wi\u0119c sugeruj\u0119 Ci postawienie mi <a title=\"Postaw mi kaw\u0119\" href=\"http:\/\/buycoffee.to\/kasia.o.kasie\">kawy<\/a>?<\/h2>\n\n\n\n<p class=\"has-black-color has-text-color has-link-color wp-elements-e1d06feca66127d856938e4492abcb9e\">Uwielbiam pisa\u0107. Dziel\u0119 si\u0119 swoim czasem, do\u015bwiadczeniami, wskaz\u00f3wkami, dla os\u00f3b, kt\u00f3re dopiero wygrzebuj\u0105 si\u0119 ze zobowi\u0105za\u0144.<\/p>\n\n\n\n<p class=\"has-black-color has-text-color has-link-color wp-elements-597189e11a87edab6e25492caab90e19\">Na moim <a title=\"Instagramie \" href=\"https:\/\/www.instagram.com\/kasia.o.kasie\/\" target=\"_blank\" rel=\"noopener\">Instagramie <\/a>z lekko\u015bci\u0105 rozmawiam i pisz\u0119 o pieni\u0105dzach, zarobkach i d\u0142ugach. Po\u015bwi\u0119cam wiele godzin, aby przygotowywa\u0107 materia\u0142y na profil.<\/p>\n\n\n\n<p class=\"has-black-color has-text-color has-link-color wp-elements-3779b965f3a686f28eea366dd6f081de\">Stykam si\u0119 z Waszymi historiami. Nikogo nie oceniam. Normalizuj\u0119 tematy tabu. Wiem, \u017ce posiadanie d\u0142ug\u00f3w dla wi\u0119kszo\u015bci wi\u0105\u017ce si\u0119 z pewnego rodzaju wstydem, ja wysz\u0142am przed szereg i nie m\u00f3wi\u0119, \u017ce d\u0142ugi s\u0105 super, ale oswajam Internet w my\u015bleniu o osobach zad\u0142u\u017conych. <\/p>\n\n\n\n<p class=\"has-black-color has-text-color has-link-color wp-elements-6de09f1790d67c96630f9b5f986b1755\">To mo\u017ce by\u0107 ka\u017cdy z Twoich znajomych i wcale nie musisz o tym wiedzie\u0107.<\/p>\n\n\n\n<p class=\"has-black-color has-text-color has-link-color has-medium-font-size wp-elements-f5d3be9882cddce99fa7bad8495f73e1\">B\u0119dzie mi mi\u0142o, je\u015bli docenisz m\u00f3j profil i postawisz mi kaw\u0119. Przy czym um\u00f3wmy si\u0119, <strong>kawa to symboliczne okre\u015blenie dla wsparcia autora.<\/strong> <\/p>\n\n\n\n<p class=\"has-black-color has-text-color has-link-color wp-elements-06f425795cbc72e09c0f8131d828ef04\">B\u0119dzie mi niezmiernie mimo, je\u015bli w ten spos\u00f3b docenisz moje dzia\u0142ania w sieci. <\/p>\n\n\n\n<p class=\"has-black-color has-text-color has-link-color wp-elements-050317a786c698d7eb1e9dd98dd2aa72\">Twoje wsparcie dodaj\u0105 mi skrzyde\u0142 i pozwala jeszcze bardziej si\u0119 rozwija\u0107.<\/p>\n\n\n\n<p class=\"has-black-color has-text-color has-link-color wp-elements-70f0bfdb47eb6ad189eed5536c223e0a\"><em>Merci bardzo!<\/em> \u2615<\/p>\n\n\n\n<p class=\"has-black-color has-text-color has-link-color wp-elements-4ff4c41b52f91c0b7c5b1f1a368560ca\">Kasia o kasie<\/p>\n\n\n\n<p><a href=\"https:\/\/buycoffee.to\/kasia.o.kasie\" target=\"_blank\" rel=\"noopener\" title=\"KLIKNIJ TU, je\u015bli chcesz postawi\u0107 mi dowoln\u0105 kaw\u0119.\">KLIKNIJ TU, je\u015bli chcesz postawi\u0107 mi dowoln\u0105 kaw\u0119.<\/a><\/p>\n\n\n<div class=\"wp-block-image\">\n<figure class=\"aligncenter size-large is-resized\"><a href=\"https:\/\/buycoffee.to\/kasia.o.kasie\"><img loading=\"lazy\" decoding=\"async\" width=\"1024\" height=\"796\" src=\"https:\/\/kasiaokasie.pl\/wp-content\/uploads\/2024\/07\/Kawa-od-buycoffee.to_-1024x796.png\" alt=\"\" class=\"wp-image-290\" style=\"width:346px;height:auto\" srcset=\"https:\/\/kasiaokasie.pl\/wp-content\/uploads\/2024\/07\/Kawa-od-buycoffee.to_-1024x796.png 1024w, https:\/\/kasiaokasie.pl\/wp-content\/uploads\/2024\/07\/Kawa-od-buycoffee.to_-300x233.png 300w, https:\/\/kasiaokasie.pl\/wp-content\/uploads\/2024\/07\/Kawa-od-buycoffee.to_-768x597.png 768w, https:\/\/kasiaokasie.pl\/wp-content\/uploads\/2024\/07\/Kawa-od-buycoffee.to_-1536x1195.png 1536w, https:\/\/kasiaokasie.pl\/wp-content\/uploads\/2024\/07\/Kawa-od-buycoffee.to_.png 1800w\" sizes=\"auto, (max-width: 1024px) 100vw, 1024px\" \/><\/a><\/figure>\n<\/div>","protected":false},"excerpt":{"rendered":"<p>Pewnie klikaj\u0105c w to, niejedna osoba pomy\u015bli &#8211; ale bezczelna baba, kaw\u0119 wymusza \ud83d\ude42 Je\u015bli chodzi o kaw\u0119, to wa\u017cne s\u0105 dwie kwestie: 1) Kocham kaw\u0119 i mog\u0142abym j\u0105 dostarcza\u0107 &#8230;<\/p>\n","protected":false},"author":2,"featured_media":0,"parent":0,"menu_order":0,"comment_status":"closed","ping_status":"closed","template":"","meta":{"_monsterinsights_skip_tracking":false,"_monsterinsights_sitenote_active":false,"_monsterinsights_sitenote_note":"","_monsterinsights_sitenote_category":0,"_uf_show_specific_survey":0,"_uf_disable_surveys":false,"footnotes":""},"class_list":["post-286","page","type-page","status-publish","hentry"],"_links":{"self":[{"href":"https:\/\/kasiaokasie.pl\/index.php?rest_route=\/wp\/v2\/pages\/286","targetHints":{"allow":["GET"]}}],"collection":[{"href":"https:\/\/kasiaokasie.pl\/index.php?rest_route=\/wp\/v2\/pages"}],"about":[{"href":"https:\/\/kasiaokasie.pl\/index.php?rest_route=\/wp\/v2\/types\/page"}],"author":[{"embeddable":true,"href":"https:\/\/kasiaokasie.pl\/index.php?rest_route=\/wp\/v2\/users\/2"}],"replies":[{"embeddable":true,"href":"https:\/\/kasiaokasie.pl\/index.php?rest_route=%2Fwp%2Fv2%2Fcomments&post=286"}],"version-history":[{"count":12,"href":"https:\/\/kasiaokasie.pl\/index.php?rest_route=\/wp\/v2\/pages\/286\/revisions"}],"predecessor-version":[{"id":879,"href":"https:\/\/kasiaokasie.pl\/index.php?rest_route=\/wp\/v2\/pages\/286\/revisions\/879"}],"wp:attachment":[{"href":"https:\/\/kasiaokasie.pl\/index.php?rest_route=%2Fwp%2Fv2%2Fmedia&parent=286"}],"curies":[{"name":"wp","href":"https:\/\/api.w.org\/{rel}","templated":true}]}}